 {"id":577,"date":"2022-01-21T15:19:57","date_gmt":"2022-01-21T15:19:57","guid":{"rendered":"https:\/\/acatimber.devio.lv\/?page_id=577"},"modified":"2022-01-26T09:33:55","modified_gmt":"2022-01-26T09:33:55","slug":"cookie-policy","status":"publish","type":"page","link":"https:\/\/acatimber.devio.lv\/en\/cookie-policy\/","title":{"rendered":"Cookie policy"},"content":{"rendered":"<p>S\u012bkdatnes (cookies) ir t\u012bmek\u013ca servera nos\u016bt\u012bta neliela teksta virkne klientam (parasti t\u012bmek\u013ca p\u0101rl\u016bkprogrammai), kura tiek saglab\u0101ta lietot\u0101ja dator\u0101 k\u0101 neliels fails. S\u012bkdatnes atvieglo interneta vietnes izmanto\u0161anu. S\u012bkdat\u0146u izmanto\u0161anu ir iesp\u0113jams atsl\u0113gt, tom\u0113r tas nav ieteicams, jo tas var samazin\u0101t vietnes izmanto\u0161anas iesp\u0113jas. Izmantojot s\u012bkdatnes netiek iev\u0101kta jebk\u0101da inform\u0101cija par Jums. S\u012bkdatnes var izmantot, lai sagatavotu un par\u0101d\u012btu Jums piem\u0113rot\u0101kus pakalpojumu pied\u0101v\u0101jumus cit\u0101s interneta vietn\u0113s k\u0101 ar\u012b lai veiktu statistiskus nov\u0113rojumus par interneta vietnes www.acatimber.lv lietojam\u012bbu, bet s\u012bkdatnes nek\u0101d\u0101 gad\u012bjum\u0101 netiek saist\u012btas ar J\u016bsu konkr\u0113tajiem personas datiem un nevar tikt attiecin\u0101tas uz J\u016bsu person\u012bgo inform\u0101ciju.<\/p>\n<p>&nbsp;<\/p>\n<p><strong>Datu integrit\u0101te un dro\u0161\u012bba<\/strong><\/p>\n<p>ACA Timber veiks sapr\u0101t\u012bgus pas\u0101kumus, lai saglab\u0101tu personas datu pareiz\u012bbu, precizit\u0101ti un vienotu veselumu m\u016bsu datub\u0101z\u0113s, k\u0101 ar\u012b nodro\u0161in\u0101s datub\u0101\u017eu dro\u0161\u012bbu. J\u016bsu personas datus m\u0113s uzglab\u0101sim tikai tik ilgi, cik nepiecie\u0161ams to m\u0113r\u0137u, kuriem tie tika ieg\u016bti izpild\u012b\u0161anai vai ar\u012b, lai izpild\u012btu normat\u012bv\u0101 regul\u0113juma pras\u012bbas zi\u0146ot par p\u0101rk\u0101pumiem un sniegt inform\u0101ciju.<\/p>\n<p>&nbsp;<\/p>\n<p><strong>Piek\u013cuve datiem, dz\u0113\u0161ana un labo\u0161ana<\/strong><\/p>\n<p>Ja v\u0113laties piek\u013c\u016bt saviem personas datiem, tos labot vai dz\u0113st, J\u016bs to varat dar\u012bt sazinoties ar mums e-past\u0101 <a href=\"mailto:info@acatimber.lv\">info@acatimber.lv<\/a><\/p>\n<p>Jums ir ties\u012bbas piepras\u012bt un sa\u0146emt inform\u0101ciju par J\u016bsu personas datu apstr\u0101di &#8211; k\u0101di J\u016bsu personas dati ir ACA Timber r\u012bc\u012bb\u0101, k\u0101 tie tiek apstr\u0101d\u0101ti, kam nodoti. K\u0101 ar\u012b Jums ir ties\u012bbas piepras\u012bt labot neprec\u012bzos personas datus, piem\u0113ram, sazi\u0146as kontaktinform\u0101cijas mai\u0146as gad\u012bjum\u0101 (telefons, e-pasts); piepras\u012bt dz\u0113st personas datus, ja abas pu\u0161u saist\u012bbas ir izpild\u012btas.<\/p>\n<p>&nbsp;<\/p>\n<p><strong>Hipersaites uz cit\u0101m vietn\u0113m<\/strong><\/p>\n<p>Internetveitne www.acatimber.lv var satur\u0113t hipersaites uz cit\u0101m t\u012bmek\u013ca vietn\u0113m (piem\u0113ram, <a href=\"https:\/\/fsc.org\/en\">https:\/\/fsc.org\/en<\/a> u.c.), ko neuztur ACA Timber. \u0160\u012bs hipersaites ir paredz\u0113tas tikai J\u016bsu zin\u0101\u0161anai un \u0113rt\u012bb\u0101m un neietver tre\u0161o pu\u0161u t\u012bmek\u013ca vietnes darb\u012bbas vai jebkuras saist\u012bbas ar to uztur\u0113t\u0101jiem apstiprin\u0101jumu. ACA Timber nep\u0101rvalda \u0161\u012bs t\u012bmek\u013ca vietnes un nav atbild\u012bga par to personas datu apstr\u0101des politiku. M\u0113s iesak\u0101m iepaz\u012bties ar priv\u0101tuma politiku, kas public\u0113ta jebkur\u0101 vietn\u0113, pirms konkr\u0113t\u0101s vietnes izmanto\u0161anas vai savu personas datu snieg\u0161anas.<\/p>\n","protected":false},"excerpt":{"rendered":"<p>S\u012bkdatnes (cookies) ir t\u012bmek\u013ca servera nos\u016bt\u012bta neliela teksta virkne klientam (parasti t\u012bmek\u013ca p\u0101rl\u016bkprogrammai), kura tiek saglab\u0101ta lietot\u0101ja dator\u0101 k\u0101 neliels fails. S\u012bkdatnes atvieglo interneta vietnes izmanto\u0161anu. S\u012bkdat\u0146u izmanto\u0161anu ir iesp\u0113jams atsl\u0113gt, tom\u0113r tas nav ieteicams, jo tas var samazin\u0101t vietnes izmanto\u0161anas iesp\u0113jas. Izmantojot s\u012bkdatnes netiek iev\u0101kta jebk\u0101da inform\u0101cija par Jums. S\u012bkdatnes var izmantot, lai sagatavotu [&hellip;]<\/p>\n","protected":false},"author":1,"featured_media":272,"parent":0,"menu_order":0,"comment_status":"closed","ping_status":"closed","template":"page-templates\/blank.php","meta":{"_acf_changed":false,"inline_featured_image":false,"footnotes":""},"class_list":["post-577","page","type-page","status-publish","has-post-thumbnail","hentry"],"acf":[],"_links":{"self":[{"href":"https:\/\/acatimber.devio.lv\/en\/wp-json\/wp\/v2\/pages\/577","targetHints":{"allow":["GET"]}}],"collection":[{"href":"https:\/\/acatimber.devio.lv\/en\/wp-json\/wp\/v2\/pages"}],"about":[{"href":"https:\/\/acatimber.devio.lv\/en\/wp-json\/wp\/v2\/types\/page"}],"author":[{"embeddable":true,"href":"https:\/\/acatimber.devio.lv\/en\/wp-json\/wp\/v2\/users\/1"}],"replies":[{"embeddable":true,"href":"https:\/\/acatimber.devio.lv\/en\/wp-json\/wp\/v2\/comments?post=577"}],"version-history":[{"count":3,"href":"https:\/\/acatimber.devio.lv\/en\/wp-json\/wp\/v2\/pages\/577\/revisions"}],"predecessor-version":[{"id":620,"href":"https:\/\/acatimber.devio.lv\/en\/wp-json\/wp\/v2\/pages\/577\/revisions\/620"}],"wp:featuredmedia":[{"embeddable":true,"href":"https:\/\/acatimber.devio.lv\/en\/wp-json\/wp\/v2\/media\/272"}],"wp:attachment":[{"href":"https:\/\/acatimber.devio.lv\/en\/wp-json\/wp\/v2\/media?parent=577"}],"curies":[{"name":"wp","href":"https:\/\/api.w.org\/{rel}","templated":true}]}}