 {"id":575,"date":"2022-01-21T15:19:41","date_gmt":"2022-01-21T15:19:41","guid":{"rendered":"https:\/\/acatimber.devio.lv\/?page_id=575"},"modified":"2022-01-26T09:05:35","modified_gmt":"2022-01-26T09:05:35","slug":"privacy-policy","status":"publish","type":"page","link":"https:\/\/acatimber.devio.lv\/en\/privacy-policy\/","title":{"rendered":"Privacy policy"},"content":{"rendered":"<p>Interneta vietnes www.acatimber.lv \u012bpa\u0161nieks un uztur\u0113t\u0101js ir SIA \u201cACA Timber\u201d, vienotais re\u0123istr\u0101cijas numurs: LV40103244043, turpm\u0101k \u2013 \u201cACA Timber\u201d, kas darbojas iev\u0113rojot Visp\u0101r\u0113jo datu aizsardz\u012bbas regulu (General Data Protection Regulation \u2013 GDPR, kas st\u0101jas sp\u0113k\u0101 no 25.05.2018).<\/p>\n<p>&nbsp;<\/p>\n<p><strong>Inform\u0101cijas sa\u0146em\u0161ana<\/strong><\/p>\n<p>Piesakoties inform\u0101cijas sa\u0146em\u0161anai no ACA Timber vai sazinoties ar mums, J\u016bs piekr\u012btat savu datu uzglab\u0101\u0161anai uz\u0146\u0113muma iek\u0161\u0113j\u0101 datu b\u0101z\u0113, k\u0101 ar\u012b to apstr\u0101dei. Priv\u0101tuma atruna paskaidro k\u0101 tiek izmantota inform\u0101cija, kuru J\u016bs mums sniedzat interneta vietn\u0113 vai jebk\u0101d\u0101 cit\u0101d\u0101 veid\u0101. Priv\u0101tuma atruna ir paredz\u0113ta J\u016bsu aizsardz\u012bbai, inform\u0113jot J\u016bs par to, k\u0101da priv\u0101t\u0101 inform\u0101cija tiek iev\u0101kta, k\u0101das ir inform\u0101cijas iev\u0101k\u0161anas metodes un k\u0101 to apstr\u0101d\u0101jam.<\/p>\n<p>&nbsp;<\/p>\n<p><strong>K\u0101d\u0113\u013c m\u0113s iev\u0101cam J\u016bsu datus?<\/strong><\/p>\n<p>Personas datu un inform\u0101cijas snieg\u0161ana ir br\u012bvpr\u0101t\u012bgs process, kas pal\u012bdz mums iepaz\u012bt savus klientus, sniegt pakalpojumus un uzlabot interneta vietnes saturu, savuk\u0101rt Jums sa\u0146emt m\u016bsu pakalpojumus un kuri vislab\u0101k atbilst tie\u0161i J\u016bsu vajadz\u012bb\u0101m. J\u016bsu sniegt\u0101 inform\u0101cija tiek izmantoti normat\u012bvajos aktos noteikto ACA Timber le\u0123it\u012bmo m\u0113r\u0137u sasnieg\u0161anai un kvalitat\u012bvu pakalpojumu nodro\u0161in\u0101\u0161anai Jums.<\/p>\n<p>&nbsp;<\/p>\n<p><strong>Personas datu atkl\u0101\u0161ana nesaist\u012btaj\u0101m tre\u0161aj\u0101m pus\u0113m.<\/strong><\/p>\n<p>ACA TIMBER var nodot personas datus, kas ieg\u016bti caur savstarp\u0113jo komunik\u0101ciju \u0113-past\u0101\/zvanot vai cit\u0101 veid\u0101 tos J\u016bs esat iesniegu\u0161i ACA Timber, tre\u0161aj\u0101m pus\u0113m, kas sniedz atbalsta pakalpojumus, ieskaitot datu apstr\u0101des pakalpojumus. \u0160\u012bm person\u0101m var b\u016bt nepiecie\u0161ama inform\u0101cija par Jums savu funkciju veik\u0161anai. ACA TIMBER var tikt uzlikts par pien\u0101kumu nodot priv\u0101tpersonu datus valsts vai pa\u0161vald\u012bbas instit\u016bcij\u0101m normat\u012bvajos aktos noteiktajos gad\u012bjumos.<\/p>\n<p>Personas dati, kurus nododiet ACA Timber saist\u012bb\u0101 ar pakalpojumu snieg\u0161anu un l\u012bgumattiec\u012bbu nodibin\u0101\u0161anu nav atsaucami un ACA Timber\u00a0 tos apstr\u0101d\u0101 normat\u012bvajos aktos noteikt\u0101 k\u0101rt\u012bb\u0101 un termi\u0146\u0101, ne \u012bs\u0101ku termi\u0146u, k\u0101 l\u012bdz l\u012bgumattiec\u012bbu izbeig\u0161anai ar Jums.<\/p>\n","protected":false},"excerpt":{"rendered":"<p>Interneta vietnes www.acatimber.lv \u012bpa\u0161nieks un uztur\u0113t\u0101js ir SIA \u201cACA Timber\u201d, vienotais re\u0123istr\u0101cijas numurs: LV40103244043, turpm\u0101k \u2013 \u201cACA Timber\u201d, kas darbojas iev\u0113rojot Visp\u0101r\u0113jo datu aizsardz\u012bbas regulu (General Data Protection Regulation \u2013 GDPR, kas st\u0101jas sp\u0113k\u0101 no 25.05.2018). &nbsp; Inform\u0101cijas sa\u0146em\u0161ana Piesakoties inform\u0101cijas sa\u0146em\u0161anai no ACA Timber vai sazinoties ar mums, J\u016bs piekr\u012btat savu datu uzglab\u0101\u0161anai uz\u0146\u0113muma [&hellip;]<\/p>\n","protected":false},"author":1,"featured_media":272,"parent":0,"menu_order":0,"comment_status":"closed","ping_status":"closed","template":"page-templates\/blank.php","meta":{"_acf_changed":false,"inline_featured_image":false,"footnotes":""},"class_list":["post-575","page","type-page","status-publish","has-post-thumbnail","hentry"],"acf":[],"_links":{"self":[{"href":"https:\/\/acatimber.devio.lv\/en\/wp-json\/wp\/v2\/pages\/575","targetHints":{"allow":["GET"]}}],"collection":[{"href":"https:\/\/acatimber.devio.lv\/en\/wp-json\/wp\/v2\/pages"}],"about":[{"href":"https:\/\/acatimber.devio.lv\/en\/wp-json\/wp\/v2\/types\/page"}],"author":[{"embeddable":true,"href":"https:\/\/acatimber.devio.lv\/en\/wp-json\/wp\/v2\/users\/1"}],"replies":[{"embeddable":true,"href":"https:\/\/acatimber.devio.lv\/en\/wp-json\/wp\/v2\/comments?post=575"}],"version-history":[{"count":3,"href":"https:\/\/acatimber.devio.lv\/en\/wp-json\/wp\/v2\/pages\/575\/revisions"}],"predecessor-version":[{"id":618,"href":"https:\/\/acatimber.devio.lv\/en\/wp-json\/wp\/v2\/pages\/575\/revisions\/618"}],"wp:featuredmedia":[{"embeddable":true,"href":"https:\/\/acatimber.devio.lv\/en\/wp-json\/wp\/v2\/media\/272"}],"wp:attachment":[{"href":"https:\/\/acatimber.devio.lv\/en\/wp-json\/wp\/v2\/media?parent=575"}],"curies":[{"name":"wp","href":"https:\/\/api.w.org\/{rel}","templated":true}]}}